{"id":72,"date":"2024-08-08T14:21:11","date_gmt":"2024-08-08T12:21:11","guid":{"rendered":"https:\/\/virtualdor.com\/?page_id=72"},"modified":"2025-12-10T19:11:57","modified_gmt":"2025-12-10T18:11:57","slug":"team","status":"publish","type":"page","link":"https:\/\/virtualdor.com\/?page_id=72","title":{"rendered":"Equipo"},"content":{"rendered":"<p>[et_pb_section fb_built=\u00bb1&#8243; _builder_version=\u00bb4.24.2&#8243; _module_preset=\u00bbdefault\u00bb hover_enabled=\u00bb0&#8243; global_colors_info=\u00bb{}\u00bb background_color=\u00bb#091744&#8243; sticky_enabled=\u00bb0&#8243;][et_pb_row _builder_version=\u00bb4.24.2&#8243; _module_preset=\u00bbdefault\u00bb background_color=\u00bb#091744&#8243; hover_enabled=\u00bb0&#8243; global_colors_info=\u00bb{}\u00bb border_width_all=\u00bb10px\u00bb border_color_all=\u00bbRGBA(255,255,255,0)\u00bb sticky_enabled=\u00bb0&#8243;][et_pb_column type=\u00bb4_4&#8243; _builder_version=\u00bb4.24.2&#8243; _module_preset=\u00bbdefault\u00bb global_colors_info=\u00bb{}\u00bb][et_pb_text _builder_version=\u00bb4.24.2&#8243; _module_preset=\u00bbdefault\u00bb hover_enabled=\u00bb0&#8243; global_colors_info=\u00bb{}\u00bb sticky_enabled=\u00bb0&#8243;]<\/p>\n<h1 style=\"text-align: left;\">Equipo<\/h1>\n<p>[\/et_pb_text][et_pb_team_member name=\u00bbDiego Cangas\u00bb position=\u00bbDirector \u00bb image_url=\u00bbhttp:\/\/virtualdor.com\/wp-content\/uploads\/2024\/08\/Diego.jpg\u00bb linkedin_url=\u00bbhttps:\/\/www.linkedin.com\/in\/diego-cangas-moldes-248674b5\/\u00bb _builder_version=\u00bb4.24.2&#8243; _module_preset=\u00bbdefault\u00bb border_color_all_image=\u00bbRGBA(255,255,255,0)\u00bb global_colors_info=\u00bb{}\u00bb]<\/p>\n<p>Ingeniero inform\u00e1tico (Universidad de Almer\u00eda)<\/p>\n<p>Programador en Unity, dise\u00f1ador 3d.<\/p>\n<p>[\/et_pb_team_member][et_pb_team_member name=\u00bbAdolfo J. Cangas\u00bb position=\u00bbInvestigador\u00bb image_url=\u00bbhttp:\/\/virtualdor.com\/wp-content\/uploads\/2024\/08\/Adolfo.jpg\u00bb linkedin_url=\u00bbhttps:\/\/www.linkedin.com\/in\/adolfo-j-cangas-86691850\/\u00bb _builder_version=\u00bb4.24.2&#8243; _module_preset=\u00bbdefault\u00bb global_colors_info=\u00bb{}\u00bb]<\/p>\n<p>Catedr\u00e1tico del Departamento de Psicolog\u00eda (Universidad de Almer\u00eda)<\/p>\n<p>\u00c1rea de conocimiento: Personalidad, Evaluaci\u00f3n y Tratamiento Psicol\u00f3gico<\/p>\n<p>[\/et_pb_team_member][et_pb_team_member name=\u00bbJos\u00e9 L. Rodr\u00edguez\u00bb position=\u00bbInvestigador\u00bb image_url=\u00bbhttp:\/\/virtualdor.com\/wp-content\/uploads\/2024\/08\/Jose-Luis-Rodriguez-Blancas.jpg\u00bb linkedin_url=\u00bbhttps:\/\/www.linkedin.com\/in\/magomoebius\/\u00bb _builder_version=\u00bb4.24.2&#8243; _module_preset=\u00bbdefault\u00bb global_colors_info=\u00bb{}\u00bb]<\/p>\n<p>Profesor del Departamento de Matem\u00e1ticas (Universidad de Almer\u00eda)<\/p>\n<p>\u00c1rea de conocimiento: Geometr\u00eda y Topolog\u00eda<\/p>\n<p>[\/et_pb_team_member][et_pb_team_member name=\u00bbJos\u00e9 Antonio Piedra\u00bb position=\u00bbInvestigador\u00bb image_url=\u00bbhttp:\/\/virtualdor.com\/wp-content\/uploads\/2024\/08\/Jose-Antonio-e1723120696123.jpg\u00bb linkedin_url=\u00bbhttps:\/\/www.linkedin.com\/in\/japiedra\/\u00bb _builder_version=\u00bb4.24.2&#8243; _module_preset=\u00bbdefault\u00bb global_colors_info=\u00bb{}\u00bb]<\/p>\n<p>Profesor del Departamento de Inform\u00e1tica (Universidad de Almer\u00eda)<\/p>\n<p>\u00c1rea de conocimiento: CC. de la Computaci\u00f3n e Inteligencia Artificial<\/p>\n<p>[\/et_pb_team_member][\/et_pb_column][\/et_pb_row][\/et_pb_section]<\/p>\n","protected":false},"excerpt":{"rendered":"<p>EquipoIngeniero inform\u00e1tico (Universidad de Almer\u00eda) Programador en Unity, dise\u00f1ador 3d.Catedr\u00e1tico del Departamento de Psicolog\u00eda (Universidad de Almer\u00eda) \u00c1rea de conocimiento: Personalidad, Evaluaci\u00f3n y Tratamiento Psicol\u00f3gicoProfesor del Departamento de Matem\u00e1ticas (Universidad de Almer\u00eda) \u00c1rea de conocimiento: Geometr\u00eda y Topolog\u00edaProfesor del Departamento de Inform\u00e1tica (Universidad de Almer\u00eda) \u00c1rea de conocimiento: CC. de la Computaci\u00f3n e Inteligencia Artificial<\/p>\n","protected":false},"author":2,"featured_media":0,"parent":0,"menu_order":1,"comment_status":"closed","ping_status":"closed","template":"","meta":{"_et_pb_use_builder":"on","_et_pb_old_content":"","_et_gb_content_width":"","footnotes":""},"class_list":["post-72","page","type-page","status-publish","hentry"],"_links":{"self":[{"href":"https:\/\/virtualdor.com\/index.php?rest_route=\/wp\/v2\/pages\/72","targetHints":{"allow":["GET"]}}],"collection":[{"href":"https:\/\/virtualdor.com\/index.php?rest_route=\/wp\/v2\/pages"}],"about":[{"href":"https:\/\/virtualdor.com\/index.php?rest_route=\/wp\/v2\/types\/page"}],"author":[{"embeddable":true,"href":"https:\/\/virtualdor.com\/index.php?rest_route=\/wp\/v2\/users\/2"}],"replies":[{"embeddable":true,"href":"https:\/\/virtualdor.com\/index.php?rest_route=%2Fwp%2Fv2%2Fcomments&post=72"}],"version-history":[{"count":12,"href":"https:\/\/virtualdor.com\/index.php?rest_route=\/wp\/v2\/pages\/72\/revisions"}],"predecessor-version":[{"id":131,"href":"https:\/\/virtualdor.com\/index.php?rest_route=\/wp\/v2\/pages\/72\/revisions\/131"}],"wp:attachment":[{"href":"https:\/\/virtualdor.com\/index.php?rest_route=%2Fwp%2Fv2%2Fmedia&parent=72"}],"curies":[{"name":"wp","href":"https:\/\/api.w.org\/{rel}","templated":true}]}}